{"id":875,"date":"2025-07-04T14:55:28","date_gmt":"2025-07-04T20:55:28","guid":{"rendered":"https:\/\/gomdemexico.org\/?post_type=product&#038;p=875"},"modified":"2025-07-06T20:59:58","modified_gmt":"2025-07-07T02:59:58","slug":"espejos","status":"publish","type":"product","link":"https:\/\/gomdemexico.org\/en\/product\/espejos\/","title":{"rendered":"Espejos"},"content":{"rendered":"<p>Espejo para ba\u00f1o canto pulido modelo sm4081 mardeco medida 59.6 x 79.6 cent\u00edmetros. Incluye herraje para colgar. Elaborado con espejo plateado en 3 mil\u00edmetros<\/p>","protected":false},"excerpt":{"rendered":"<p>Espejo para ba\u00f1o canto pulido modelo sm4081 mardeco medida 59.6 x 79.6 cent\u00edmetros. Incluye herraje para colgar. Elaborado con espejo plateado en 3 mil\u00edmetros<\/p>","protected":false},"featured_media":876,"comment_status":"open","ping_status":"closed","template":"","meta":{"_monsterinsights_skip_tracking":false,"_monsterinsights_sitenote_active":false,"_monsterinsights_sitenote_note":"","_monsterinsights_sitenote_category":0,"_price":"549","_stock":"6","_tribe_ticket_header":"","_tribe_default_ticket_provider":"","_tribe_ticket_capacity":"6","_ticket_start_date":"","_ticket_end_date":"","_tribe_ticket_show_description":"","_tribe_ticket_show_not_going":false,"_tribe_ticket_use_global_stock":"","_tribe_ticket_global_stock_level":"","_global_stock_mode":"","_global_stock_cap":"","_tribe_rsvp_for_event":"","_tribe_ticket_going_count":"","_tribe_ticket_not_going_count":"","_tribe_tickets_list":"[]","_tribe_ticket_has_attendee_info_fields":false},"product_brand":[],"product_cat":[35],"product_tag":[],"class_list":{"0":"post-875","1":"product","2":"type-product","3":"status-publish","4":"has-post-thumbnail","6":"product_cat-donacion-especie","8":"first","9":"instock","10":"virtual","11":"purchasable","12":"product-type-simple"},"_links":{"self":[{"href":"https:\/\/gomdemexico.org\/en\/wp-json\/wp\/v2\/product\/875","targetHints":{"allow":["GET"]}}],"collection":[{"href":"https:\/\/gomdemexico.org\/en\/wp-json\/wp\/v2\/product"}],"about":[{"href":"https:\/\/gomdemexico.org\/en\/wp-json\/wp\/v2\/types\/product"}],"replies":[{"embeddable":true,"href":"https:\/\/gomdemexico.org\/en\/wp-json\/wp\/v2\/comments?post=875"}],"wp:featuredmedia":[{"embeddable":true,"href":"https:\/\/gomdemexico.org\/en\/wp-json\/wp\/v2\/media\/876"}],"wp:attachment":[{"href":"https:\/\/gomdemexico.org\/en\/wp-json\/wp\/v2\/media?parent=875"}],"wp:term":[{"taxonomy":"product_brand","embeddable":true,"href":"https:\/\/gomdemexico.org\/en\/wp-json\/wp\/v2\/product_brand?post=875"},{"taxonomy":"product_cat","embeddable":true,"href":"https:\/\/gomdemexico.org\/en\/wp-json\/wp\/v2\/product_cat?post=875"},{"taxonomy":"product_tag","embeddable":true,"href":"https:\/\/gomdemexico.org\/en\/wp-json\/wp\/v2\/product_tag?post=875"}],"curies":[{"name":"wp","href":"https:\/\/api.w.org\/{rel}","templated":true}]}}