{"id":690,"date":"2025-05-17T17:36:35","date_gmt":"2025-05-17T17:36:35","guid":{"rendered":"https:\/\/gomdemexico.org\/?post_type=product&#038;p=690"},"modified":"2025-07-26T18:13:15","modified_gmt":"2025-07-27T00:13:15","slug":"seminario-con-chokyi-nyima-rinpoche-2025","status":"publish","type":"product","link":"https:\/\/gomdemexico.org\/en\/product\/seminario-con-chokyi-nyima-rinpoche-2025\/","title":{"rendered":"Seminar with Ch\u00f6kyi Nyima Rinpoche 2025"},"content":{"rendered":"<p><strong>Cancellation policies<\/strong><\/p>\n<p>Se har\u00e1 un devoluci\u00f3n del <strong>75%<\/strong> del total de su pago si cancela su asistencia en una fecha l\u00edmite del <strong>04 de julio del 2025<\/strong>.<br \/>\n<strong>A partir de esa fecha NO se har\u00e1n devoluciones<\/strong>, solo en casos excepcionales a tomar en consideraci\u00f3n.<\/p>\n<p>&nbsp;<\/p>","protected":false},"excerpt":{"rendered":"<p>Pol\u00edticas de cancelaci\u00f3n Se har\u00e1 un devoluci\u00f3n del 75% del total de su pago si cancela su asistencia en una fecha l\u00edmite del 04 de julio<span class=\"excerpt-hellip\"> [\u2026]<\/span><\/p>\n","protected":false},"featured_media":685,"comment_status":"open","ping_status":"closed","template":"","meta":{"_monsterinsights_skip_tracking":false,"_monsterinsights_sitenote_active":false,"_monsterinsights_sitenote_note":"","_monsterinsights_sitenote_category":0,"_price":"4000","_stock":null,"_tribe_ticket_header":"","_tribe_default_ticket_provider":"","_tribe_ticket_capacity":"70","_ticket_start_date":"","_ticket_end_date":"","_tribe_ticket_show_description":"","_tribe_ticket_show_not_going":false,"_tribe_ticket_use_global_stock":"","_tribe_ticket_global_stock_level":"","_global_stock_mode":"","_global_stock_cap":"","_tribe_rsvp_for_event":"","_tribe_ticket_going_count":"","_tribe_ticket_not_going_count":"","_tribe_tickets_list":"[]","_tribe_ticket_has_attendee_info_fields":false},"product_brand":[],"product_cat":[30],"product_tag":[],"class_list":{"0":"post-690","1":"product","2":"type-product","3":"status-publish","4":"has-post-thumbnail","6":"product_cat-rinpoche","8":"first","9":"outofstock","10":"purchasable","11":"product-type-variable"},"_links":{"self":[{"href":"https:\/\/gomdemexico.org\/en\/wp-json\/wp\/v2\/product\/690","targetHints":{"allow":["GET"]}}],"collection":[{"href":"https:\/\/gomdemexico.org\/en\/wp-json\/wp\/v2\/product"}],"about":[{"href":"https:\/\/gomdemexico.org\/en\/wp-json\/wp\/v2\/types\/product"}],"replies":[{"embeddable":true,"href":"https:\/\/gomdemexico.org\/en\/wp-json\/wp\/v2\/comments?post=690"}],"wp:featuredmedia":[{"embeddable":true,"href":"https:\/\/gomdemexico.org\/en\/wp-json\/wp\/v2\/media\/685"}],"wp:attachment":[{"href":"https:\/\/gomdemexico.org\/en\/wp-json\/wp\/v2\/media?parent=690"}],"wp:term":[{"taxonomy":"product_brand","embeddable":true,"href":"https:\/\/gomdemexico.org\/en\/wp-json\/wp\/v2\/product_brand?post=690"},{"taxonomy":"product_cat","embeddable":true,"href":"https:\/\/gomdemexico.org\/en\/wp-json\/wp\/v2\/product_cat?post=690"},{"taxonomy":"product_tag","embeddable":true,"href":"https:\/\/gomdemexico.org\/en\/wp-json\/wp\/v2\/product_tag?post=690"}],"curies":[{"name":"wp","href":"https:\/\/api.w.org\/{rel}","templated":true}]}}