{"id":617,"date":"2025-04-23T21:43:29","date_gmt":"2025-04-23T21:43:29","guid":{"rendered":"https:\/\/gomdemexico.org\/?post_type=product&#038;p=617"},"modified":"2025-08-07T10:37:43","modified_gmt":"2025-08-07T16:37:43","slug":"rifa-gomde-2025","status":"publish","type":"product","link":"https:\/\/gomdemexico.org\/en\/product\/rifa-gomde-2025\/","title":{"rendered":"Rifa Gomde 2025"},"content":{"rendered":"<p>\u00a1Participa en la rifa especial de Gomde M\u00e9xico!<\/p>\n<p>Te invitamos a ser parte de esta rifa con el objetivo de seguir recaudando fondos para la construcci\u00f3n del templo Thubten K\u00fcnphen Ling, al igual que cubrir los gastos operativos y nuevos dormitorios de Gomde M\u00e9xico.<\/p>\n<p>Cada boleto adquirido es un apoyo muy significativo para toda la comunidad con la oportunidad de ganar art\u00edculos de soporte para tu pr\u00e1ctica. Esta rifa es un hermoso acto de generosidad que ayuda a seguir construyendo este espacio tan especial para todos los meditadores por generaciones.<\/p>\n<p>\ufe0f <strong>FECHA DEL SORTEO: 15 DE JUNIO DEL 2025\u00a0<\/strong><\/p>\n<p><strong>PRIMER LUGAR<\/strong>:<\/p>\n<p>El premio para el primer lugar incluye:<\/p>\n<p>\u2022 Thangka tradicional de Vajrasattva, pintada a mano por artistas nepaleses.<\/p>\n<p>\u2022 Zafu para la pr\u00e1ctica de meditaci\u00f3n.<\/p>\n<p>\u2022 Camiseta con el mantra Om Mani Padme Hum.<\/p>\n<p>\u2022 Estatua de bronce de Buda Shakyamuni en formato peque\u00f1o.<\/p>\n<p>\u2022 Cuenco sonoro, ideal para acompa\u00f1ar tus sesiones de meditaci\u00f3n.<\/p>\n<p><strong>SEGUNDO LUGAR:<\/strong><\/p>\n<p>El premio para el segundo lugar incluye:<\/p>\n<p>\u2022 Phurba (daga ritual) de recitaci\u00f3n con 3 caras para altar hecha en Nepal.<br \/>\n\u2022 Japamala de cornalina, granate y semilla de loto.<\/p>\n<p>\u2022 Zafu para tus pr\u00e1cticas de meditaci\u00f3n.<\/p>\n<p>\u2022 Playera con el mantra Om Mani Padme Hum.<\/p>\n<p>\u2022 Mantra decorativo en madera<\/p>\n<p>*Los ganadores ser\u00e1n notificados por correo.<\/p>\n<p>\u00a1Gracias por ser parte de este gran esfuerzo en comunidad!<\/p>","protected":false},"excerpt":{"rendered":"<p class=\"whitespace-pre-wrap break-words\">Los invitamos a participar en la rifa que estamos organizando con un prop\u00f3sito muy importante: continuar la construcci\u00f3n de nuestro templo y mantener los gastos operativos de la casa.<\/p>\n<p class=\"whitespace-pre-wrap break-words\">Cada boleto que adquieran representa un apoyo concreto y valioso. Su participaci\u00f3n nos permitir\u00e1 avanzar en este proyecto que beneficia a toda nuestra comunidad.<\/p>\n<p class=\"whitespace-pre-wrap break-words\">Al comprar un boleto, no solo tienen la oportunidad de ganar premios interesantes, sino que contribuyen directamente a un espacio que es de todos y para todos.<\/p>\n<p class=\"whitespace-pre-wrap break-words\">Fecha del sorteo:\u00a0 7 DE MAYO DE 2025<\/p>\n<p class=\"whitespace-pre-wrap break-words\">Gracias por ser parte de este esfuerzo compartido.<\/p>","protected":false},"featured_media":618,"comment_status":"open","ping_status":"closed","template":"","meta":{"_monsterinsights_skip_tracking":false,"_monsterinsights_sitenote_active":false,"_monsterinsights_sitenote_note":"","_monsterinsights_sitenote_category":0,"_price":"300","_stock":"0","_tribe_ticket_header":"","_tribe_default_ticket_provider":"","_tribe_ticket_capacity":"41","_ticket_start_date":"","_ticket_end_date":"","_tribe_ticket_show_description":"","_tribe_ticket_show_not_going":false,"_tribe_ticket_use_global_stock":"","_tribe_ticket_global_stock_level":"","_global_stock_mode":"","_global_stock_cap":"","_tribe_rsvp_for_event":"","_tribe_ticket_going_count":"","_tribe_ticket_not_going_count":"","_tribe_tickets_list":"[]","_tribe_ticket_has_attendee_info_fields":false},"product_brand":[],"product_cat":[29],"product_tag":[],"class_list":{"0":"post-617","1":"product","2":"type-product","3":"status-publish","4":"has-post-thumbnail","6":"product_cat-sin-categorizar","8":"first","9":"outofstock","10":"virtual","11":"purchasable","12":"product-type-simple"},"_links":{"self":[{"href":"https:\/\/gomdemexico.org\/en\/wp-json\/wp\/v2\/product\/617","targetHints":{"allow":["GET"]}}],"collection":[{"href":"https:\/\/gomdemexico.org\/en\/wp-json\/wp\/v2\/product"}],"about":[{"href":"https:\/\/gomdemexico.org\/en\/wp-json\/wp\/v2\/types\/product"}],"replies":[{"embeddable":true,"href":"https:\/\/gomdemexico.org\/en\/wp-json\/wp\/v2\/comments?post=617"}],"wp:featuredmedia":[{"embeddable":true,"href":"https:\/\/gomdemexico.org\/en\/wp-json\/wp\/v2\/media\/618"}],"wp:attachment":[{"href":"https:\/\/gomdemexico.org\/en\/wp-json\/wp\/v2\/media?parent=617"}],"wp:term":[{"taxonomy":"product_brand","embeddable":true,"href":"https:\/\/gomdemexico.org\/en\/wp-json\/wp\/v2\/product_brand?post=617"},{"taxonomy":"product_cat","embeddable":true,"href":"https:\/\/gomdemexico.org\/en\/wp-json\/wp\/v2\/product_cat?post=617"},{"taxonomy":"product_tag","embeddable":true,"href":"https:\/\/gomdemexico.org\/en\/wp-json\/wp\/v2\/product_tag?post=617"}],"curies":[{"name":"wp","href":"https:\/\/api.w.org\/{rel}","templated":true}]}}