{"id":562,"date":"2025-04-23T21:28:44","date_gmt":"2025-04-23T21:28:44","guid":{"rendered":"https:\/\/gomdemexico.org\/carrito\/"},"modified":"2025-07-04T16:16:53","modified_gmt":"2025-07-04T22:16:53","slug":"carrito","status":"publish","type":"page","link":"https:\/\/gomdemexico.org\/en\/carrito\/","title":{"rendered":"Carrito"},"content":{"rendered":"<div data-block-name=\"woocommerce\/cart\" class=\"wp-block-woocommerce-cart alignwide is-loading\">\n<div data-block-name=\"woocommerce\/filled-cart-block\" class=\"wp-block-woocommerce-filled-cart-block\">\n<div data-block-name=\"woocommerce\/cart-items-block\" class=\"wp-block-woocommerce-cart-items-block\">\n<div data-block-name=\"woocommerce\/cart-line-items-block\" class=\"wp-block-woocommerce-cart-line-items-block\"><\/div>\n\n\n\n<div data-block-name=\"woocommerce\/cart-cross-sells-block\" class=\"wp-block-woocommerce-cart-cross-sells-block\">\n<h2 class=\"wp-block-heading has-large-font-size\">Puede que te interese\u2026<\/h2>\n\n\n\n<div data-block-name=\"woocommerce\/cart-cross-sells-products-block\" class=\"wp-block-woocommerce-cart-cross-sells-products-block\"><\/div>\n<\/div>\n<\/div>\n\n\n\n<div data-block-name=\"woocommerce\/cart-totals-block\" class=\"wp-block-woocommerce-cart-totals-block\">\n<div data-block-name=\"woocommerce\/cart-order-summary-block\" class=\"wp-block-woocommerce-cart-order-summary-block\">\n<div data-block-name=\"woocommerce\/cart-order-summary-heading-block\" class=\"wp-block-woocommerce-cart-order-summary-heading-block\"><\/div><div data-block-name=\"woocommerce\/cart-order-summary-coupon-form-block\" class=\"wp-block-woocommerce-cart-order-summary-coupon-form-block\"><\/div><div data-block-name=\"woocommerce\/cart-order-summary-totals-block\" class=\"wp-block-woocommerce-cart-order-summary-totals-block\">\n<div data-block-name=\"woocommerce\/cart-order-summary-subtotal-block\" class=\"wp-block-woocommerce-cart-order-summary-subtotal-block\"><\/div>\n<div data-block-name=\"woocommerce\/cart-order-summary-discount-block\" class=\"wp-block-woocommerce-cart-order-summary-discount-block\"><\/div>\n<div data-block-name=\"woocommerce\/cart-order-summary-fee-block\" class=\"wp-block-woocommerce-cart-order-summary-fee-block\"><\/div>\n<div data-block-name=\"woocommerce\/cart-order-summary-shipping-block\" class=\"wp-block-woocommerce-cart-order-summary-shipping-block\"><\/div>\n<div data-block-name=\"woocommerce\/cart-order-summary-taxes-block\" class=\"wp-block-woocommerce-cart-order-summary-taxes-block\"><\/div><\/div>\n<\/div>\n\n\n\n<div data-block-name=\"woocommerce\/cart-express-payment-block\" class=\"wp-block-woocommerce-cart-express-payment-block\"><\/div>\n\n\n\n<div data-block-name=\"woocommerce\/proceed-to-checkout-block\" class=\"wp-block-woocommerce-proceed-to-checkout-block\"><\/div>\n\n\n\n<div data-block-name=\"woocommerce\/cart-accepted-payment-methods-block\" class=\"wp-block-woocommerce-cart-accepted-payment-methods-block\"><\/div>\n<\/div>\n<\/div>\n\n\n\n<div data-block-name=\"woocommerce\/empty-cart-block\" class=\"wp-block-woocommerce-empty-cart-block\">\n<h2 class=\"wp-block-heading has-text-align-center with-empty-cart-icon wc-block-cart__empty-cart__title\">\u00a1Tu carrito est\u00e1 actualmente vac\u00edo!<\/h2>\n\n\n\n<hr class=\"wp-block-separator has-alpha-channel-opacity is-style-dots\"\/>\n\n\n\n<h2 class=\"wp-block-heading has-text-align-center\">Nuevo en la tienda<\/h2>\n\n\n<div data-block-name=\"woocommerce\/product-new\" data-columns=\"4\" data-rows=\"1\" class=\"wc-block-grid wp-block-product-new wp-block-woocommerce-product-new wc-block-product-new has-4-columns\"><ul class=\"wc-block-grid__products\"><li class=\"wc-block-grid__product\">\n\t\t\t\t<a href=\"https:\/\/gomdemexico.org\/en\/product\/modulo-1-grupo-de-estudio-y-practica-de-la-forma-unica-de-vajrasattva\/\" class=\"wc-block-grid__product-link\">\n\t\t\t\t\t\n\t\t\t\t\t<div class=\"wc-block-grid__product-image\"><img loading=\"lazy\" decoding=\"async\" width=\"757\" height=\"800\" src=\"https:\/\/gomdemexico.org\/wp-content\/uploads\/2025\/07\/vajrasattva-757x800.png\" class=\"attachment-woocommerce_thumbnail size-woocommerce_thumbnail\" alt=\"M\u00f3dulo 1: Grupo de Estudio y Pr\u00e1ctica de La Forma \u00danica de Vajrasattva\" srcset=\"https:\/\/gomdemexico.org\/wp-content\/uploads\/2025\/07\/vajrasattva-757x800.png 757w, https:\/\/gomdemexico.org\/wp-content\/uploads\/2025\/07\/vajrasattva-11x12.png 11w, https:\/\/gomdemexico.org\/wp-content\/uploads\/2025\/07\/vajrasattva-70x75.png 70w\" sizes=\"auto, (max-width:767px) 480px, 757px\" \/><\/div>\n\t\t\t\t\t<div class=\"wc-block-grid__product-title\">M\u00f3dulo 1: Grupo de Estudio y Pr\u00e1ctica de La Forma \u00danica de Vajrasattva<\/div>\n\t\t\t\t<\/a>\n\t\t\t\t<div class=\"wc-block-grid__product-price price\"><span class=\"woocommerce-Price-amount amount\"><span class=\"woocommerce-Price-currencySymbol\">&#036;<\/span>1,300.00<\/span><\/div>\n\t\t\t\t\n\t\t\t\t<div class=\"wp-block-button wc-block-grid__product-add-to-cart\"><a href=\"\/en\/wp-json\/wp\/v2\/pages\/562?add-to-cart=1068\" aria-label=\"Add to cart: \u201cM\u00f3dulo 1: Grupo de Estudio y Pr\u00e1ctica de La Forma \u00danica de Vajrasattva\u201d\" data-quantity=\"1\" data-product_id=\"1068\" data-product_sku=\"\" data-price=\"1300\" rel=\"nofollow\" class=\"wp-block-button__link  add_to_cart_button ajax_add_to_cart\" data-no-translation=\"\" data-trp-gettext=\"\" data-no-translation-aria-label=\"\">Add to cart<\/a><\/div>\n\t\t\t<\/li><li class=\"wc-block-grid__product\">\n\t\t\t\t<a href=\"https:\/\/gomdemexico.org\/en\/product\/donacion-programas\/\" class=\"wc-block-grid__product-link\">\n\t\t\t\t\t\n\t\t\t\t\t<div class=\"wc-block-grid__product-image\"><img loading=\"lazy\" decoding=\"async\" width=\"800\" height=\"800\" src=\"https:\/\/gomdemexico.org\/wp-content\/uploads\/woocommerce-placeholder-800x800.png\" class=\"woocommerce-placeholder wp-post-image\" alt=\"Donaci\u00f3n programas\" srcset=\"https:\/\/gomdemexico.org\/wp-content\/uploads\/woocommerce-placeholder-800x800.png 800w, https:\/\/gomdemexico.org\/wp-content\/uploads\/woocommerce-placeholder-300x300.png 300w, https:\/\/gomdemexico.org\/wp-content\/uploads\/woocommerce-placeholder-500x500.png 500w, https:\/\/gomdemexico.org\/wp-content\/uploads\/woocommerce-placeholder-768x768.png 768w, https:\/\/gomdemexico.org\/wp-content\/uploads\/woocommerce-placeholder-12x12.png 12w, https:\/\/gomdemexico.org\/wp-content\/uploads\/woocommerce-placeholder-150x150.png 150w, https:\/\/gomdemexico.org\/wp-content\/uploads\/woocommerce-placeholder-75x75.png 75w, https:\/\/gomdemexico.org\/wp-content\/uploads\/woocommerce-placeholder-480x480.png 480w, https:\/\/gomdemexico.org\/wp-content\/uploads\/woocommerce-placeholder.png 1200w\" sizes=\"auto, (max-width:767px) 480px, (max-width:800px) 100vw, 800px\" \/><\/div>\n\t\t\t\t\t<div class=\"wc-block-grid__product-title\">Donaci\u00f3n programas<\/div>\n\t\t\t\t<\/a>\n\t\t\t\t<div class=\"wc-block-grid__product-price price\"><span class=\"woocommerce-Price-amount amount\"><span class=\"woocommerce-Price-currencySymbol\">&#036;<\/span>1.00<\/span><\/div>\n\t\t\t\t\n\t\t\t\t<div class=\"wp-block-button wc-block-grid__product-add-to-cart\"><a href=\"\/en\/wp-json\/wp\/v2\/pages\/562?add-to-cart=1063\" aria-label=\"Add to cart: \u201cDonaci\u00f3n programas\u201d\" data-quantity=\"1\" data-product_id=\"1063\" data-product_sku=\"\" data-price=\"1\" rel=\"nofollow\" class=\"wp-block-button__link  add_to_cart_button ajax_add_to_cart\" data-no-translation=\"\" data-trp-gettext=\"\" data-no-translation-aria-label=\"\">Add to cart<\/a><\/div>\n\t\t\t<\/li><li class=\"wc-block-grid__product\">\n\t\t\t\t<a href=\"https:\/\/gomdemexico.org\/en\/product\/retiro-vajrasattva\/\" class=\"wc-block-grid__product-link\">\n\t\t\t\t\t\n\t\t\t\t\t<div class=\"wc-block-grid__product-image\"><img loading=\"lazy\" decoding=\"async\" width=\"757\" height=\"800\" src=\"https:\/\/gomdemexico.org\/wp-content\/uploads\/2025\/07\/vajrasattva-757x800.png\" class=\"attachment-woocommerce_thumbnail size-woocommerce_thumbnail\" alt=\"Retiro Vajrasattva\" srcset=\"https:\/\/gomdemexico.org\/wp-content\/uploads\/2025\/07\/vajrasattva-757x800.png 757w, https:\/\/gomdemexico.org\/wp-content\/uploads\/2025\/07\/vajrasattva-11x12.png 11w, https:\/\/gomdemexico.org\/wp-content\/uploads\/2025\/07\/vajrasattva-70x75.png 70w\" sizes=\"auto, (max-width:767px) 480px, 757px\" \/><\/div>\n\t\t\t\t\t<div class=\"wc-block-grid__product-title\">Retiro Vajrasattva<\/div>\n\t\t\t\t<\/a>\n\t\t\t\t<div class=\"wc-block-grid__product-price price\"><span class=\"woocommerce-Price-amount amount\" aria-hidden=\"true\"><span class=\"woocommerce-Price-currencySymbol\">&#036;<\/span>3,900.00<\/span> <span aria-hidden=\"true\">&ndash;<\/span> <span class=\"woocommerce-Price-amount amount\" aria-hidden=\"true\"><span class=\"woocommerce-Price-currencySymbol\">&#036;<\/span>6,500.00<\/span><span class=\"screen-reader-text\" data-no-translation=\"\" data-trp-gettext=\"\">Price range: &#036;3,900.00 through &#036;6,500.00<\/span><\/div>\n\t\t\t\t\n\t\t\t\t<div class=\"wp-block-button wc-block-grid__product-add-to-cart\"><a href=\"https:\/\/gomdemexico.org\/en\/product\/retiro-vajrasattva\/\" aria-label=\"Select options for \u201cRetiro Vajrasattva\u201d\" data-quantity=\"1\" data-product_id=\"885\" data-product_sku=\"\" data-price=\"3900\" rel=\"nofollow\" class=\"wp-block-button__link  add_to_cart_button\" data-no-translation=\"\" data-trp-gettext=\"\" data-no-translation-aria-label=\"\">Select options<\/a><\/div>\n\t\t\t<\/li><li class=\"wc-block-grid__product\">\n\t\t\t\t<a href=\"https:\/\/gomdemexico.org\/en\/product\/espejos\/\" class=\"wc-block-grid__product-link\">\n\t\t\t\t\t\n\t\t\t\t\t<div class=\"wc-block-grid__product-image\"><img loading=\"lazy\" decoding=\"async\" width=\"400\" height=\"400\" src=\"https:\/\/gomdemexico.org\/wp-content\/uploads\/2025\/07\/166690-d.jpg\" class=\"attachment-woocommerce_thumbnail size-woocommerce_thumbnail\" alt=\"Espejos\" srcset=\"https:\/\/gomdemexico.org\/wp-content\/uploads\/2025\/07\/166690-d.jpg 400w, https:\/\/gomdemexico.org\/wp-content\/uploads\/2025\/07\/166690-d-300x300.jpg 300w, https:\/\/gomdemexico.org\/wp-content\/uploads\/2025\/07\/166690-d-12x12.jpg 12w, https:\/\/gomdemexico.org\/wp-content\/uploads\/2025\/07\/166690-d-150x150.jpg 150w, https:\/\/gomdemexico.org\/wp-content\/uploads\/2025\/07\/166690-d-75x75.jpg 75w\" sizes=\"auto, (max-width:767px) 400px, 400px\" \/><\/div>\n\t\t\t\t\t<div class=\"wc-block-grid__product-title\">Espejos<\/div>\n\t\t\t\t<\/a>\n\t\t\t\t<div class=\"wc-block-grid__product-price price\"><span class=\"woocommerce-Price-amount amount\"><span class=\"woocommerce-Price-currencySymbol\">&#036;<\/span>549.00<\/span><\/div>\n\t\t\t\t\n\t\t\t\t<div class=\"wp-block-button wc-block-grid__product-add-to-cart\"><a href=\"\/en\/wp-json\/wp\/v2\/pages\/562?add-to-cart=875\" aria-label=\"Add to cart: \u201cEspejos\u201d\" data-quantity=\"1\" data-product_id=\"875\" data-product_sku=\"\" data-price=\"549\" rel=\"nofollow\" class=\"wp-block-button__link  add_to_cart_button ajax_add_to_cart\" data-no-translation=\"\" data-trp-gettext=\"\" data-no-translation-aria-label=\"\">Add to cart<\/a><\/div>\n\t\t\t<\/li><\/ul><\/div><\/div>\n<\/div>","protected":false},"excerpt":{"rendered":"","protected":false},"author":1,"featured_media":0,"parent":0,"menu_order":0,"comment_status":"closed","ping_status":"closed","template":"","meta":{"_monsterinsights_skip_tracking":false,"_monsterinsights_sitenote_active":false,"_monsterinsights_sitenote_note":"","_monsterinsights_sitenote_category":0,"_price":"","_stock":"","_tribe_ticket_header":"","_tribe_default_ticket_provider":"","_tribe_ticket_capacity":"0","_ticket_start_date":"","_ticket_end_date":"","_tribe_ticket_show_description":"","_tribe_ticket_show_not_going":false,"_tribe_ticket_use_global_stock":"","_tribe_ticket_global_stock_level":"","_global_stock_mode":"","_global_stock_cap":"","_tribe_rsvp_for_event":"","_tribe_ticket_going_count":"","_tribe_ticket_not_going_count":"","_tribe_tickets_list":"[]","_tribe_ticket_has_attendee_info_fields":false,"footnotes":"","_tec_slr_enabled":"","_tec_slr_layout":""},"class_list":["post-562","page","type-page","status-publish","hentry"],"ticketed":false,"_links":{"self":[{"href":"https:\/\/gomdemexico.org\/en\/wp-json\/wp\/v2\/pages\/562","targetHints":{"allow":["GET"]}}],"collection":[{"href":"https:\/\/gomdemexico.org\/en\/wp-json\/wp\/v2\/pages"}],"about":[{"href":"https:\/\/gomdemexico.org\/en\/wp-json\/wp\/v2\/types\/page"}],"author":[{"embeddable":true,"href":"https:\/\/gomdemexico.org\/en\/wp-json\/wp\/v2\/users\/1"}],"replies":[{"embeddable":true,"href":"https:\/\/gomdemexico.org\/en\/wp-json\/wp\/v2\/comments?post=562"}],"version-history":[{"count":1,"href":"https:\/\/gomdemexico.org\/en\/wp-json\/wp\/v2\/pages\/562\/revisions"}],"predecessor-version":[{"id":626,"href":"https:\/\/gomdemexico.org\/en\/wp-json\/wp\/v2\/pages\/562\/revisions\/626"}],"wp:attachment":[{"href":"https:\/\/gomdemexico.org\/en\/wp-json\/wp\/v2\/media?parent=562"}],"curies":[{"name":"wp","href":"https:\/\/api.w.org\/{rel}","templated":true}]}}